{"id":31,"date":"2011-06-11T15:36:03","date_gmt":"2011-06-11T15:36:03","guid":{"rendered":"http:\/\/www.ferahmedikal.net\/?page_id=31"},"modified":"2023-04-17T14:38:47","modified_gmt":"2023-04-17T14:38:47","slug":"iletisim","status":"publish","type":"page","link":"http:\/\/www.ferahmedikal.net\/?page_id=31","title":{"rendered":"\u0130leti\u015fim"},"content":{"rendered":"<h4 style=\"text-align: left;\"><span style=\"font-family: 'comic sans ms', sans-serif;\">K\u0131s\u0131kl\u0131 Mah. Ferah cad Yusuf Kemal Sok. No:18\/A\n<\/span><span style=\"font-family: 'comic sans ms', sans-serif;\">\u00dcsk\u00fcdar \/ \u0130STANBUL\n<\/span><\/h4>\n<h4 style=\"text-align: left;\">.<\/h4>\n<h4 style=\"text-align: left;\"><span style=\"font-family: 'comic sans ms', sans-serif;\">0536 445 42 76 Bayram \u00c7EVRE\n<\/span><\/h4>\n.\n\n<span style=\"font-family: 'comic sans ms', sans-serif;\">Ferah Medikal\u00a0Kimted Ltd. \u015eti. Markas\u0131d\u0131r..\n<\/span><span style=\"font-family: 'comic sans ms', sans-serif;\">Di\u011fer web sitelerimiz\u2026<\/span>\n<h5><span style=\"font-family: 'comic sans ms', sans-serif;\"><a href=\"http:\/\/www.ferahmedikal.net\">http:\/\/www.ferahmedikal.net<\/a><\/span><\/h5>\n<h5><span style=\"font-family: 'comic sans ms', sans-serif;\"><a href=\"http:\/\/www.ferahmedikal.com\">http:\/\/www.ferahmedikal.com<\/a><\/span><\/h5>\n<h5><span style=\"font-family: 'comic sans ms', sans-serif;\"><a href=\"http:\/\/www.masajmasas\u0131.com\">http:\/\/www.masajmasas\u0131.com<\/a><\/span><\/h5>\n<h5><span style=\"font-family: 'comic sans ms', sans-serif;\"><a href=\"http:\/\/www.kimted.com\">http:\/\/www.kimted.com<\/a><\/span><\/h5>\n<h5><span style=\"font-family: 'comic sans ms', sans-serif;\"><a href=\"http:\/\/www.kimted.net\">http:\/\/www.kimted.net<\/a><\/span><\/h5>\n<h5><span style=\"font-family: 'comic sans ms', sans-serif;\"><a href=\"http:\/\/www.silikajel.net\">http:\/\/www.silikajel.net<\/a><\/span><\/h5>\n<h5><span style=\"font-family: 'comic sans ms', sans-serif;\"><a href=\"http:\/\/www.nemalici.biz\">http:\/\/www.nemalici.biz<\/a><\/span><\/h5>\n<h5><span style=\"font-family: 'comic sans ms', sans-serif;\"><a href=\"mailto:bayramcevre@hotmail.com\">bayramcevre@hotmail.com<\/a><\/span><\/h5>\n<h5><span style=\"font-family: 'comic sans ms', sans-serif;\">****************************************************<\/span><\/h5>\n<h5><span style=\"font-family: 'comic sans ms', sans-serif;\">Bayram \u00c7EVRE<\/span><\/h5>\n<h5><span style=\"font-family: 'comic sans ms', sans-serif;\">Garanti Bankas\u0131 ( Sa\u011fmalc\u0131lar \u015eb.)<\/span><\/h5>\n<h5><span style=\"font-family: 'comic sans ms', sans-serif;\">\u015eb.Kodu: 736<\/span><\/h5>\n<h5><span style=\"font-family: 'comic sans ms', sans-serif;\">Hes.No: 6697899<\/span><\/h5>\n<h5><span style=\"font-family: 'comic sans ms', sans-serif;\">IBAN: TR700006200073600006697899<\/span><\/h5>\n<h5><span style=\"font-family: 'comic sans ms', sans-serif;\">****************************************************<\/span><\/h5>\n<h5><span style=\"font-family: 'comic sans ms', sans-serif;\">PTT Hesap No: 06334957<\/span><\/h5>\n<h5><\/h5>\n<iframe loading=\"lazy\" src=\"https:\/\/maps.google.com\/maps?f=q&amp;source=s_q&amp;hl=tr&amp;geocode=&amp;q=ferah+medikal&amp;aq=&amp;sll=41.021973,29.068426&amp;sspn=0.027165,0.038581&amp;t=h&amp;ie=UTF8&amp;hq=ferah+medikal&amp;hnear=&amp;cid=12401243194392507978&amp;ll=41.028737,29.076927&amp;spn=0.00777,0.013733&amp;z=16&amp;iwloc=A&amp;output=embed\" width=\"640\" height=\"480\" frameborder=\"0\" marginwidth=\"0\" marginheight=\"0\" scrolling=\"no\"><\/iframe>\n\n<small><a style=\"color: #0000ff; text-align: left;\" href=\"https:\/\/maps.google.com\/maps?f=q&amp;source=embed&amp;hl=tr&amp;geocode=&amp;q=ferah+medikal&amp;aq=&amp;sll=41.021973,29.068426&amp;sspn=0.027165,0.038581&amp;t=h&amp;ie=UTF8&amp;hq=ferah+medikal&amp;hnear=&amp;cid=12401243194392507978&amp;ll=41.028737,29.076927&amp;spn=0.00777,0.013733&amp;z=16&amp;iwloc=A\">Daha B\u00fcy\u00fck G\u00f6r\u00fcnt\u00fcle<\/a><\/small>\n<div class='et-learn-more clearfix'>\r\n\t\t\t\t\t<h3 class='heading-more'><span>\u0130leti\u015fim Formu<\/span><\/h3>\r\n\t\t\t\t\t<div class='learn-more-content'><div data-test='contact-form' id='contact-form-31' class='wp-block-jetpack-contact-form-container '>\n<form action='http:\/\/www.ferahmedikal.net\/?page_id=31#contact-form-31' method='post' class='contact-form commentsblock' aria-label=\"\u0130leti\u015fim\" novalidate>\n\n<div style=\"\" class='grunion-field-name-wrap grunion-field-wrap'  >\n<label\n\t\t\t\tfor='g31-sim'\n\t\t\t\tclass='grunion-field-label name'>\u0130sim<span class=\"grunion-label-required\" aria-hidden=\"true\">(gerekli)<\/span><\/label>\n<input\n\t\t\t\t\ttype='text'\n\t\t\t\t\tname='g31-sim'\n\t\t\t\t\tid='g31-sim'\n\t\t\t\t\tvalue=''\n\t\t\t\t\tclass='name  grunion-field' \n\t\t\t\t\trequired aria-required='true' \/>\n\t<\/div>\n\n<div style=\"\" class='grunion-field-email-wrap grunion-field-wrap'  >\n<label\n\t\t\t\tfor='g31-email'\n\t\t\t\tclass='grunion-field-label email'>Email<span class=\"grunion-label-required\" aria-hidden=\"true\">(gerekli)<\/span><\/label>\n<input\n\t\t\t\t\ttype='email'\n\t\t\t\t\tname='g31-email'\n\t\t\t\t\tid='g31-email'\n\t\t\t\t\tvalue=''\n\t\t\t\t\tclass='email  grunion-field' \n\t\t\t\t\trequired aria-required='true' \/>\n\t<\/div>\n\n<div style=\"\" class='grunion-field-url-wrap grunion-field-wrap'  >\n<label\n\t\t\t\tfor='g31-website'\n\t\t\t\tclass='grunion-field-label url'>Website<\/label>\n<input\n\t\t\t\t\ttype='text'\n\t\t\t\t\tname='g31-website'\n\t\t\t\t\tid='g31-website'\n\t\t\t\t\tvalue=''\n\t\t\t\t\tclass='url  grunion-field' \n\t\t\t\t\ttitle=\"L\u00fctfen ge\u00e7erli bir URL girin - https:\/\/www.example.com\" oninvalid=\"setCustomValidity(&quot;L\u00fctfen ge\u00e7erli bir URL girin - https:\/\/www.example.com&quot;)\" oninput=\"setCustomValidity(&quot;&quot;)\" pattern=\"(([:\\\/a-zA-Z0-9_\\-]+)?(\\.[a-zA-Z0-9_\\-\\\/]+)+)\" data-type-override=\"url\"  \/>\n\t<\/div>\n\n<div style=\"\" class='grunion-field-textarea-wrap grunion-field-wrap'  >\n<label\n\t\t\t\tfor='contact-form-comment-g31-letiniz'\n\t\t\t\tclass='grunion-field-label textarea'>\u0130letiniz<span class=\"grunion-label-required\" aria-hidden=\"true\">(gerekli)<\/span><\/label>\n<textarea\n\t\t                style=''\n\t\t                name='g31-letiniz'\n\t\t                id='contact-form-comment-g31-letiniz'\n\t\t                rows='20' class='textarea  grunion-field'  required aria-required='true'><\/textarea>\n\t<\/div>\n\t<p class='contact-submit'>\n\t\t<button type='submit' class='pushbutton-wide'>G\u00f6nder<\/button>\t\t<input type='hidden' name='contact-form-id' value='31' \/>\n\t\t<input type='hidden' name='action' value='grunion-contact-form' \/>\n\t\t<input type='hidden' name='contact-form-hash' value='068bff2551b0f08c1941d19f09577b6bd6bc20f1' \/>\n\t<\/p>\n<p style=\"display: none !important;\" class=\"akismet-fields-container\" data-prefix=\"ak_\"><label>&#916;<textarea name=\"ak_hp_textarea\" cols=\"45\" rows=\"8\" maxlength=\"100\"><\/textarea><\/label><input type=\"hidden\" id=\"ak_js_1\" name=\"ak_js\" value=\"206\"\/><script>document.getElementById( \"ak_js_1\" ).setAttribute( \"value\", ( new Date() ).getTime() );<\/script><\/p><\/form>\n<\/div><\/div>\r\n\t\t\t\t<\/div>","protected":false},"excerpt":{"rendered":"<h4 style=\"text-align: left;\"><span style=\"font-family: 'comic sans ms', sans-serif;\">K\u0131s\u0131kl\u0131 Mah. Ferah cad Yusuf Kemal Sok. No:18\/A\n<\/span><span style=\"font-family: 'comic sans ms', sans-serif;\">\u00dcsk\u00fcdar \/ \u0130STANBUL\n<\/span><\/h4>\n<h4 style=\"text-align: left;\">.<\/h4>\n<h4 style=\"text-align: left;\"><span style=\"font-family: 'comic sans ms', sans-serif;\">0536 445 42 76 Bayram \u00c7EVRE\n<\/span><\/h4>\n.\n\n<span style=\"font-family: 'comic sans ms', sans-serif;\">Ferah Medikal\u00a0Kimted Ltd. \u015eti. Markas\u0131d\u0131r..\n<\/span><span style=\"font-family: 'comic sans ms', sans-serif;\">Di\u011fer web sitelerimiz\u2026<\/span>\n<h5><span style=\"font-family: 'comic sans ms', sans-serif;\"><a href=\"http:\/\/www.ferahmedikal.net\">http:\/\/www.ferahmedikal.net<\/a><\/span><\/h5>\n<h5><span style=\"font-family: 'comic sans ms', sans-serif;\"><a href=\"http:\/\/www.ferahmedikal.com\">http:\/\/www.ferahmedikal.com<\/a><\/span><\/h5>\n<h5><span style=\"font-family: 'comic sans ms', sans-serif;\"><a href=\"http:\/\/www.masajmasas\u0131.com\">http:\/\/www.masajmasas\u0131.com<\/a><\/span><\/h5>\n<h5><span style=\"font-family: 'comic sans ms', sans-serif;\"><a href=\"http:\/\/www.kimted.com\">http:\/\/www.kimted.com<\/a><\/span><\/h5>\n<h5><span style=\"font-family: 'comic sans ms', sans-serif;\"><a href=\"http:\/\/www.kimted.net\">http:\/\/www.kimted.net<\/a><\/span><\/h5>\n<h5><span style=\"font-family: 'comic sans ms', sans-serif;\"><a href=\"http:\/\/www.silikajel.net\">http:\/\/www.silikajel.net<\/a><\/span><\/h5>\n<h5><span style=\"font-family: 'comic sans ms', sans-serif;\"><a href=\"http:\/\/www.nemalici.biz\">http:\/\/www.nemalici.biz<\/a><\/span><\/h5>\n<h5><span style=\"font-family: 'comic sans ms', sans-serif;\"><a href=\"mailto:bayramcevre@hotmail.com\">bayramcevre@hotmail.com<\/a><\/span><\/h5>\n<h5><span style=\"font-family: 'comic sans ms', sans-serif;\">****************************************************<\/span><\/h5>\n<h5><span style=\"font-family: 'comic sans ms', sans-serif;\">Bayram \u00c7EVRE<\/span><\/h5>\n<h5><span style=\"font-family: 'comic sans ms', sans-serif;\">Garanti Bankas\u0131 ( Sa\u011fmalc\u0131lar \u015eb.)<\/span><\/h5>\n<h5><span style=\"font-family: 'comic sans ms', sans-serif;\">\u015eb.Kodu: 736<\/span><\/h5>\n<h5><span style=\"font-family: 'comic sans ms', sans-serif;\">Hes.No: 6697899<\/span><\/h5>\n<h5><span style=\"font-family: 'comic sans ms', sans-serif;\">IBAN: TR700006200073600006697899<\/span><\/h5>\n<h5><span style=\"font-family: 'comic sans ms', sans-serif;\">****************************************************<\/span><\/h5>\n<h5><span style=\"font-family: 'comic sans ms', sans-serif;\">PTT Hesap No: 06334957<\/span><\/h5>\n<h5><\/h5>\n<iframe loading=\"lazy\" src=\"https:\/\/maps.google.com\/maps?f=q&amp;source=s_q&amp;hl=tr&amp;geocode=&amp;q=ferah+medikal&amp;aq=&amp;sll=41.021973,29.068426&amp;sspn=0.027165,0.038581&amp;t=h&amp;ie=UTF8&amp;hq=ferah+medikal&amp;hnear=&amp;cid=12401243194392507978&amp;ll=41.028737,29.076927&amp;spn=0.00777,0.013733&amp;z=16&amp;iwloc=A&amp;output=embed\" width=\"640\" height=\"480\" frameborder=\"0\" marginwidth=\"0\" marginheight=\"0\" scrolling=\"no\"><\/iframe>\n\n<small><a style=\"color: #0000ff; text-align: left;\" href=\"https:\/\/maps.google.com\/maps?f=q&amp;source=embed&amp;hl=tr&amp;geocode=&amp;q=ferah+medikal&amp;aq=&amp;sll=41.021973,29.068426&amp;sspn=0.027165,0.038581&amp;t=h&amp;ie=UTF8&amp;hq=ferah+medikal&amp;hnear=&amp;cid=12401243194392507978&amp;ll=41.028737,29.076927&amp;spn=0.00777,0.013733&amp;z=16&amp;iwloc=A\">Daha B\u00fcy\u00fck G\u00f6r\u00fcnt\u00fcle<\/a><\/small>\n[learn_more caption=\"\u0130leti\u015fim Formu\"]\n\n[contact-form][contact-field label='\u0130sim' type='name' required='1'\/][contact-field label='Email' type='email' required='1'\/][contact-field label='Website' type='url'\/][contact-field label='\u0130letiniz' type='textarea' required='1'\/][\/contact-form]\n\n[\/learn_more]","protected":false},"author":1,"featured_media":1354,"parent":0,"menu_order":0,"comment_status":"open","ping_status":"open","template":"","meta":{"_monsterinsights_skip_tracking":false,"_monsterinsights_sitenote_active":false,"_monsterinsights_sitenote_note":"","_monsterinsights_sitenote_category":0,"jetpack_post_was_ever_published":false,"footnotes":""},"class_list":["post-31","page","type-page","status-publish","has-post-thumbnail","hentry"],"aioseo_notices":[],"jetpack_shortlink":"https:\/\/wp.me\/P1CMy8-v","jetpack_sharing_enabled":true,"_links":{"self":[{"href":"http:\/\/www.ferahmedikal.net\/index.php?rest_route=\/wp\/v2\/pages\/31","targetHints":{"allow":["GET"]}}],"collection":[{"href":"http:\/\/www.ferahmedikal.net\/index.php?rest_route=\/wp\/v2\/pages"}],"about":[{"href":"http:\/\/www.ferahmedikal.net\/index.php?rest_route=\/wp\/v2\/types\/page"}],"author":[{"embeddable":true,"href":"http:\/\/www.ferahmedikal.net\/index.php?rest_route=\/wp\/v2\/users\/1"}],"replies":[{"embeddable":true,"href":"http:\/\/www.ferahmedikal.net\/index.php?rest_route=%2Fwp%2Fv2%2Fcomments&post=31"}],"version-history":[{"count":5,"href":"http:\/\/www.ferahmedikal.net\/index.php?rest_route=\/wp\/v2\/pages\/31\/revisions"}],"predecessor-version":[{"id":3343,"href":"http:\/\/www.ferahmedikal.net\/index.php?rest_route=\/wp\/v2\/pages\/31\/revisions\/3343"}],"wp:featuredmedia":[{"embeddable":true,"href":"http:\/\/www.ferahmedikal.net\/index.php?rest_route=\/wp\/v2\/media\/1354"}],"wp:attachment":[{"href":"http:\/\/www.ferahmedikal.net\/index.php?rest_route=%2Fwp%2Fv2%2Fmedia&parent=31"}],"curies":[{"name":"wp","href":"https:\/\/api.w.org\/{rel}","templated":true}]}}